{"id":68,"date":"2021-11-10T20:36:58","date_gmt":"2021-11-10T19:36:58","guid":{"rendered":"https:\/\/kattis-fahrdienst.de\/?page_id=68"},"modified":"2024-02-28T10:54:14","modified_gmt":"2024-02-28T09:54:14","slug":"68-2","status":"publish","type":"page","link":"https:\/\/kattis-fahrdienst.de\/index.php\/68-2\/","title":{"rendered":"Impressum"},"content":{"rendered":"<p>[et_pb_section fb_built=&#8220;1&#8243; admin_label=&#8220;Header&#8220; _builder_version=&#8220;3.22&#8243; background_image=&#8220;https:\/\/kattis-fahrdienst.de\/wp-content\/uploads\/2021\/11\/transportation-services-18.png&#8220; custom_padding=&#8220;0px||0px||true&#8220;][et_pb_row column_structure=&#8220;1_2,1_2&#8243; use_custom_gutter=&#8220;on&#8220; gutter_width=&#8220;1&#8243; make_equal=&#8220;on&#8220; padding_top_bottom_link_1=&#8220;true&#8220; padding_left_right_link_1=&#8220;true&#8220; module_class=&#8220; et_pb_row_fullwidth&#8220; _builder_version=&#8220;4.9.4&#8243; background_image=&#8220;https:\/\/kattis-fahrdienst.de\/wp-content\/uploads\/2021\/11\/transportation-services-01.png&#8220; parallax=&#8220;on&#8220; width=&#8220;100%&#8220; width_tablet=&#8220;100%&#8220; width_phone=&#8220;&#8220; width_last_edited=&#8220;on|desktop&#8220; max_width=&#8220;100%&#8220; max_width_tablet=&#8220;100%&#8220; max_width_phone=&#8220;&#8220; max_width_last_edited=&#8220;on|desktop&#8220; custom_padding=&#8220;0px||0px||true|&#8220; make_fullwidth=&#8220;on&#8220;][et_pb_column type=&#8220;1_2&#8243; _builder_version=&#8220;4.9.4&#8243; background_color=&#8220;#01457a&#8220; background_image=&#8220;https:\/\/kattis-fahrdienst.de\/wp-content\/uploads\/2021\/11\/transportation-services-01.png&#8220; background_size=&#8220;initial&#8220; background_position=&#8220;bottom_left&#8220; background_blend=&#8220;multiply&#8220; custom_padding=&#8220;6vw|6%|6vw|6%&#8220; custom_padding_tablet=&#8220;|10%||10%||true&#8220; custom_padding_phone=&#8220;|||&#8220; custom_padding_last_edited=&#8220;on|desktop&#8220; padding_phone=&#8220;|||&#8220; padding_tablet=&#8220;|10%||10%||true&#8220; padding_last_edited=&#8220;on|desktop&#8220; custom_padding__hover=&#8220;|||&#8220;][et_pb_text ul_type=&#8220;circle&#8220; _builder_version=&#8220;4.9.4&#8243; text_font=&#8220;||||||||&#8220; ul_font=&#8220;||||||||&#8220; ul_font_size=&#8220;18px&#8220; ul_line_height=&#8220;2em&#8220; header_font=&#8220;Montserrat|700|||||||&#8220; header_font_size=&#8220;50px&#8220; header_line_height=&#8220;1.2em&#8220; background_layout=&#8220;dark&#8220; header_font_size_tablet=&#8220;40px&#8220; header_font_size_phone=&#8220;28px&#8220; header_font_size_last_edited=&#8220;on|phone&#8220;]<\/p>\n<h1><img loading=\"lazy\" decoding=\"async\" src=\"https:\/\/kattis-fahrdienst.de\/wp-content\/uploads\/2021\/11\/Kattis-Fahrdienst-Logo-1024x586.jpg\" width=\"1024\" height=\"586\" alt=\"\" class=\"wp-image-40 alignnone size-large\" srcset=\"https:\/\/kattis-fahrdienst.de\/wp-content\/uploads\/2021\/11\/Kattis-Fahrdienst-Logo-980x561.jpg 980w, https:\/\/kattis-fahrdienst.de\/wp-content\/uploads\/2021\/11\/Kattis-Fahrdienst-Logo-480x275.jpg 480w\" sizes=\"auto, (min-width: 0px) and (max-width: 480px) 480px, (min-width: 481px) and (max-width: 980px) 980px, (min-width: 981px) 1024px, 100vw\" \/><\/h1>\n<p>&nbsp;<\/p>\n<p>[\/et_pb_text][et_pb_text _builder_version=&#8220;4.9.4&#8243; text_font=&#8220;Montserrat|700|||||||&#8220; text_font_size=&#8220;40px&#8220; text_line_height=&#8220;1.8em&#8220; header_font=&#8220;||||||||&#8220; background_layout=&#8220;dark&#8220; custom_margin=&#8220;|||&#8220; text_font_size_tablet=&#8220;&#8220; text_font_size_phone=&#8220;28px&#8220; text_font_size_last_edited=&#8220;on|phone&#8220;]<\/p>\n<p style=\"text-align: center;\">Ihr Service aus Sassenberg<br \/>Tel. 0151 708 999 69<\/p>\n<p>[\/et_pb_text][\/et_pb_column][et_pb_column type=&#8220;1_2&#8243; _builder_version=&#8220;3.25&#8243; custom_padding=&#8220;|||&#8220; custom_padding__hover=&#8220;|||&#8220;][et_pb_image src=&#8220;https:\/\/kattis-fahrdienst.de\/wp-content\/uploads\/2021\/11\/transportation-services-01.png&#8220; title_text=&#8220;transportation-services-01&#8243; force_fullwidth=&#8220;on&#8220; _builder_version=&#8220;4.9.4&#8243; custom_margin=&#8220;40px|||&#8220; animation_style=&#8220;zoom&#8220; animation_direction=&#8220;left&#8220; animation_intensity_zoom=&#8220;5%&#8220; always_center_on_mobile=&#8220;off&#8220;][\/et_pb_image][\/et_pb_column][\/et_pb_row][\/et_pb_section][et_pb_section fb_built=&#8220;1&#8243; admin_label=&#8220;Services&#8220; _builder_version=&#8220;3.22&#8243; background_image=&#8220;https:\/\/kattis-fahrdienst.de\/wp-content\/uploads\/2021\/11\/transportation-services-19.png&#8220; background_size=&#8220;initial&#8220; background_position=&#8220;top_left&#8220; custom_padding=&#8220;|||&#8220; bottom_divider_style=&#8220;ramp2&#8243; bottom_divider_color=&#8220;#f1f5f9&#8243; bottom_divider_height=&#8220;250px&#8220;][et_pb_row _builder_version=&#8220;4.9.4&#8243; _module_preset=&#8220;default&#8220;][et_pb_column type=&#8220;4_4&#8243; _builder_version=&#8220;4.9.4&#8243; _module_preset=&#8220;default&#8220;][et_pb_text _builder_version=&#8220;4.9.4&#8243; _module_preset=&#8220;default&#8220;]<\/p>\n<p><strong>IMPRESSUM<\/strong><\/p>\n<p>Nach den Neuregelungen im Teledienstegesetz (TDG) und dem neuen Gesetz zum Elektronischen Gesch\u00e4ftsverkehr (EGG) muss seit dem 21. Dezember 2001 jeder, der sich mit einer Website im Web pr\u00e4sentiert, bestimmte Informationen \u00fcber seine Identit\u00e4t vorhalten.<\/p>\n<p><strong>Katti&#8217;s Fahrdienst<\/strong><\/p>\n<p><strong>Inh.: Thomas Kattenbaum<br \/><\/strong><strong>Zum Hilgenbrink 5<br \/><\/strong><strong>48336 Sassenberg<\/strong><\/p>\n<p><strong>Tel. 0151 708 999 69<br \/><\/strong><\/p>\n<p><strong>E-Mail: info@kattis-fahrdienst.de<\/strong><\/p>\n<p><strong>Internet: www.kattis-fahrdienst.de<br \/><\/strong><\/p>\n<p><strong>Steuer-Nr.: <span>DE34 8319201<\/span><\/strong><\/p>\n<p><strong>Diese Homepage wurde erstellt durch:\u00a0<a href=\"http:\/\/www.spoekenkieker-design.de\/\">SP\u00d6KENKIEKER-DESIGN<\/a><br \/><\/strong><\/p>\n<p>&nbsp;<\/p>\n<p><strong>Hinweis zur Problematik von externen Links<\/strong><\/p>\n<p>Die Seite kattis-fahrdienst.de ist als Inhaltsanbieter (Content provider) nach \u00a75 Abs.1 des Teledienstgesetzes vom 22.07.1997 (TDG) f\u00fcr die eigenen Inhalte, die sie zur Nutzung bereith\u00e4lt, nach den allgemeinen Gesetzen verantwortlich. Von diesen eigenen Inhalten sind Querverweise (\u201cLinks\u201d) auf die von anderen Anbietern bereitgehaltenen Inhalte zu unterscheiden. Durch diesen Querverweis h\u00e4lt die Seite kattis-fahrdienst.de \u201cfremde Inhalte\u201d zur Nutzung bereit. F\u00fcr diese fremden Inhalte ist sie nur dann verantwortlich, wenn es von ihnen (d.h. auch von einem rechtswidrigen bzw. strafbaren Inhalt) positive Kenntnis hat und es ihr technisch m\u00f6glich und zumutbar ist, deren Nutzung zu verhindern (\u00a75 Abs.2 TDG).<\/p>\n<p>Bei \u201cLinks\u201d handelt es sich allerdings stets um \u201clebende\u201d (dynamische) Verweisungen. Die Seite kattis-fahrdienst.de hat bei der erstmaligen Verkn\u00fcpfung zwar den fremden Inhalt daraufhin \u00fcberpr\u00fcft, ob durch ihn eine m\u00f6gliche zivilrechtliche oder strafrechtliche Verantwortlichkeit ausgel\u00f6st wird. Sie ist aber nach dem TDG nicht dazu verpflichtet, die Inhalte, auf die sie in ihrem Angebot verweist, st\u00e4ndig auf Ver\u00e4nderungen zu \u00fcberpr\u00fcfen, die eine Verantwortlichkeit neu begr\u00fcnden k\u00f6nnten.<\/p>\n<p>Erst wenn sie feststellt oder von anderen darauf hingewiesen wird, dass ein konkretes Angebot, zu dem sie einen Link bereitgestellt hat, eine zivil- oder strafrechtliche Verantwortlichkeit ausl\u00f6st, wird sie den Verweis auf dieses Angebot aufheben, soweit ihr dies technisch m\u00f6glich und zumutbar ist. Die technische M\u00f6glichkeit und Zumutbarkeit wird nicht dadurch beeinflusst, dass auch nach Unterbindung des Zugriffs von der Seite kattis-fahrdienst.de von anderen Servern aus auf das rechtswidrige oder strafbare Angebot zugegriffen werden kann.<\/p>\n<p>[\/et_pb_text][\/et_pb_column][\/et_pb_row][\/et_pb_section][et_pb_section fb_built=&#8220;1&#8243; admin_label=&#8220;Footer&#8220; _builder_version=&#8220;3.22&#8243; background_image=&#8220;https:\/\/kattis-fahrdienst.de\/wp-content\/uploads\/2021\/11\/transportation-services-01.png&#8220; parallax=&#8220;on&#8220; custom_padding=&#8220;0px||0px||true&#8220; saved_tabs=&#8220;all&#8220;][\/et_pb_section]<\/p>\n","protected":false},"excerpt":{"rendered":"<p>[et_pb_section fb_built=&#8220;1&#8243; admin_label=&#8220;Header&#8220; _builder_version=&#8220;3.22&#8243; background_image=&#8220;https:\/\/kattis-fahrdienst.de\/wp-content\/uploads\/2021\/11\/transportation-services-18.png&#8220; custom_padding=&#8220;0px||0px||true&#8220;][et_pb_row column_structure=&#8220;1_2,1_2&#8243; use_custom_gutter=&#8220;on&#8220; gutter_width=&#8220;1&#8243; make_equal=&#8220;on&#8220; padding_top_bottom_link_1=&#8220;true&#8220; padding_left_right_link_1=&#8220;true&#8220; module_class=&#8220; et_pb_row_fullwidth&#8220; _builder_version=&#8220;4.9.4&#8243; background_image=&#8220;https:\/\/kattis-fahrdienst.de\/wp-content\/uploads\/2021\/11\/transportation-services-01.png&#8220; parallax=&#8220;on&#8220; width=&#8220;100%&#8220; width_tablet=&#8220;100%&#8220; width_phone=&#8220;&#8220; width_last_edited=&#8220;on|desktop&#8220; max_width=&#8220;100%&#8220; max_width_tablet=&#8220;100%&#8220; max_width_phone=&#8220;&#8220; max_width_last_edited=&#8220;on|desktop&#8220; custom_padding=&#8220;0px||0px||true|&#8220; make_fullwidth=&#8220;on&#8220;][et_pb_column type=&#8220;1_2&#8243; _builder_version=&#8220;4.9.4&#8243; background_color=&#8220;#01457a&#8220; background_image=&#8220;https:\/\/kattis-fahrdienst.de\/wp-content\/uploads\/2021\/11\/transportation-services-01.png&#8220; background_size=&#8220;initial&#8220; background_position=&#8220;bottom_left&#8220; background_blend=&#8220;multiply&#8220; custom_padding=&#8220;6vw|6%|6vw|6%&#8220; custom_padding_tablet=&#8220;|10%||10%||true&#8220; custom_padding_phone=&#8220;|||&#8220; custom_padding_last_edited=&#8220;on|desktop&#8220; padding_phone=&#8220;|||&#8220; padding_tablet=&#8220;|10%||10%||true&#8220; padding_last_edited=&#8220;on|desktop&#8220; custom_padding__hover=&#8220;|||&#8220;][et_pb_text ul_type=&#8220;circle&#8220; _builder_version=&#8220;4.9.4&#8243; text_font=&#8220;||||||||&#8220; ul_font=&#8220;||||||||&#8220; ul_font_size=&#8220;18px&#8220; ul_line_height=&#8220;2em&#8220; header_font=&#8220;Montserrat|700|||||||&#8220; header_font_size=&#8220;50px&#8220; header_line_height=&#8220;1.2em&#8220; background_layout=&#8220;dark&#8220; header_font_size_tablet=&#8220;40px&#8220; header_font_size_phone=&#8220;28px&#8220; header_font_size_last_edited=&#8220;on|phone&#8220;] [&hellip;]<\/p>\n","protected":false},"author":1,"featured_media":0,"parent":0,"menu_order":0,"comment_status":"closed","ping_status":"closed","template":"","meta":{"_et_pb_use_builder":"on","_et_pb_old_content":"","_et_gb_content_width":"","footnotes":""},"class_list":["post-68","page","type-page","status-publish","hentry"],"_links":{"self":[{"href":"https:\/\/kattis-fahrdienst.de\/index.php\/wp-json\/wp\/v2\/pages\/68","targetHints":{"allow":["GET"]}}],"collection":[{"href":"https:\/\/kattis-fahrdienst.de\/index.php\/wp-json\/wp\/v2\/pages"}],"about":[{"href":"https:\/\/kattis-fahrdienst.de\/index.php\/wp-json\/wp\/v2\/types\/page"}],"author":[{"embeddable":true,"href":"https:\/\/kattis-fahrdienst.de\/index.php\/wp-json\/wp\/v2\/users\/1"}],"replies":[{"embeddable":true,"href":"https:\/\/kattis-fahrdienst.de\/index.php\/wp-json\/wp\/v2\/comments?post=68"}],"version-history":[{"count":6,"href":"https:\/\/kattis-fahrdienst.de\/index.php\/wp-json\/wp\/v2\/pages\/68\/revisions"}],"predecessor-version":[{"id":182,"href":"https:\/\/kattis-fahrdienst.de\/index.php\/wp-json\/wp\/v2\/pages\/68\/revisions\/182"}],"wp:attachment":[{"href":"https:\/\/kattis-fahrdienst.de\/index.php\/wp-json\/wp\/v2\/media?parent=68"}],"curies":[{"name":"wp","href":"https:\/\/api.w.org\/{rel}","templated":true}]}}